{"id":8,"date":"2018-10-15T14:14:13","date_gmt":"2018-10-15T14:14:13","guid":{"rendered":"http:\/\/localhost\/?page_id=8"},"modified":"2018-10-15T14:17:35","modified_gmt":"2018-10-15T14:17:35","slug":"presentacion","status":"publish","type":"page","link":"https:\/\/instituto-economia.uc3m.es\/en\/presentacion\/","title":{"rendered":"Presentation"},"content":{"rendered":"<p><span style=\"font-weight: 400;\">El Instituto Universitario de Econom\u00eda (IE) se constituye a finales del curso 2004-05 como centro propio de la Universidad Carlos III de Madrid. En la actualidad el IE cuenta con un total de 65 investigadores de los departamentos de Econom\u00eda y Econom\u00eda de la Empresa de la Universidad Carlos III, as\u00ed como de otras universidades e instituciones de investigaci\u00f3n.<\/span><\/p>\n<p><span style=\"font-weight: 400;\">El objetivo del IE es contribuir a situar a la investigaci\u00f3n en el \u00e1rea de Econom\u00eda de la Universidad Carlos III de Madrid en una posici\u00f3n relevante en el contexto internacional. Para lograr este objetivo, el IE, en estrecha colaboraci\u00f3n con el Departamento de Econom\u00eda, realiza una variedad de actividades encaminadas a:<\/span><\/p>\n<ul>\n<li style=\"font-weight: 400;\"><span style=\"font-weight: 400;\">Apoyar la investigaci\u00f3n de calidad internacional en el \u00e1rea de Econom\u00eda, mediante programas espec\u00edficos que provean los medios materiales y humanos.<\/span><\/li>\n<li style=\"font-weight: 400;\"><span style=\"font-weight: 400;\">Asistir a los investigadores del \u00e1rea de econom\u00eda en la gesti\u00f3n de proyectos de investigaci\u00f3n y en la comunicaci\u00f3n con instituciones p\u00fablicas y privadas, nacionales y europeas, propiciando la participaci\u00f3n en programas de financiaci\u00f3n competitivos.<\/span><\/li>\n<li style=\"font-weight: 400;\"><span style=\"font-weight: 400;\">Incentivar el esfuerzo investigador, apoyando la actividad del Departamento de Econom\u00eda encaminada a la atracci\u00f3n de investigadores de primer nivel.<\/span><\/li>\n<li style=\"font-weight: 400;\"><span style=\"font-weight: 400;\">Fomentar el intercambio cient\u00edfico mediante la organizaci\u00f3n de seminarios, conferencias, congresos y reuniones cient\u00edficas. Fomentar asimismo la movilidad de investigadores.<\/span><\/li>\n<li style=\"font-weight: 400;\"><span style=\"font-weight: 400;\">Propiciar la divulgaci\u00f3n de los resultados de la actividad investigadora en el \u00e1rea de econom\u00eda, contribuyendo con ello al debate social y pol\u00edtico.<\/span><\/li>\n<li style=\"font-weight: 400;\"><span style=\"font-weight: 400;\">Contribuir a la coordinaci\u00f3n y gesti\u00f3n de programas de postgrado de calidad, que faciliten la formaci\u00f3n de cient\u00edficos y l\u00edderes sociales.<\/span><\/li>\n<\/ul>","protected":false},"excerpt":{"rendered":"<p>El Instituto Universitario de Econom\u00eda (IE) se constituye a finales del curso 2004-05 como centro propio de la Universidad Carlos III de Madrid. En la actualidad el IE cuenta con un total de 65 investigadores de los departamentos de Econom\u00eda y Econom\u00eda de la Empresa de la Universidad Carlos III, as\u00ed como de otras universidades [&hellip;]<\/p>\n","protected":false},"author":1,"featured_media":0,"parent":0,"menu_order":0,"comment_status":"closed","ping_status":"closed","template":"","meta":{"footnotes":""},"class_list":["post-8","page","type-page","status-publish","hentry"],"_links":{"self":[{"href":"https:\/\/instituto-economia.uc3m.es\/en\/wp-json\/wp\/v2\/pages\/8","targetHints":{"allow":["GET"]}}],"collection":[{"href":"https:\/\/instituto-economia.uc3m.es\/en\/wp-json\/wp\/v2\/pages"}],"about":[{"href":"https:\/\/instituto-economia.uc3m.es\/en\/wp-json\/wp\/v2\/types\/page"}],"author":[{"embeddable":true,"href":"https:\/\/instituto-economia.uc3m.es\/en\/wp-json\/wp\/v2\/users\/1"}],"replies":[{"embeddable":true,"href":"https:\/\/instituto-economia.uc3m.es\/en\/wp-json\/wp\/v2\/comments?post=8"}],"version-history":[{"count":0,"href":"https:\/\/instituto-economia.uc3m.es\/en\/wp-json\/wp\/v2\/pages\/8\/revisions"}],"wp:attachment":[{"href":"https:\/\/instituto-economia.uc3m.es\/en\/wp-json\/wp\/v2\/media?parent=8"}],"curies":[{"name":"wp","href":"https:\/\/api.w.org\/{rel}","templated":true}]}}