{"id":412,"date":"2022-12-26T22:15:09","date_gmt":"2022-12-26T22:15:09","guid":{"rendered":"http:\/\/instituto-economia.uc3m.es\/?page_id=412"},"modified":"2023-11-09T12:04:57","modified_gmt":"2023-11-09T12:04:57","slug":"catedra-santander-de-estudios-en-economia","status":"publish","type":"page","link":"https:\/\/instituto-economia.uc3m.es\/en\/catedra-santander-de-estudios-en-economia\/","title":{"rendered":"C\u00e1tedra Santander de Estudios en Econom\u00eda"},"content":{"rendered":"<ul>\n<li><strong>Responsable:\u00a0<\/strong><a href=\"http:\/\/economia.uc3m.es\/personal\/carlos-velasco\/\" target=\"_blank\" rel=\"noopener\">Carlos Velasco<\/a><\/li>\n<\/ul>\n<hr \/>\n<p><strong>Descripci\u00f3n<\/strong><\/p>\n<p>Promover la investigaci\u00f3n en Econom\u00eda. Promover la difusi\u00f3n de sus resultados con el objetivo de informar el debate social y las pol\u00edticas p\u00fablicas.<\/p>\n<p><strong>Organismo financiador<\/strong><\/p>\n<p>Banco Santander<\/p>\n<p><strong>Duraci\u00f3n<\/strong><\/p>\n<p>Desde el 01-01-2019 hasta 31-12-2025<\/p>","protected":false},"excerpt":{"rendered":"<p>Responsable:\u00a0Carlos Velasco Descripci\u00f3n Promover la investigaci\u00f3n en Econom\u00eda. Promover la difusi\u00f3n de sus resultados con el objetivo de informar el debate social y las pol\u00edticas p\u00fablicas. Organismo financiador Banco Santander Duraci\u00f3n Desde el 01-01-2019 hasta 31-12-2025<\/p>","protected":false},"author":1,"featured_media":0,"parent":0,"menu_order":0,"comment_status":"closed","ping_status":"closed","template":"","meta":{"footnotes":""},"class_list":["post-412","page","type-page","status-publish","hentry"],"_links":{"self":[{"href":"https:\/\/instituto-economia.uc3m.es\/en\/wp-json\/wp\/v2\/pages\/412","targetHints":{"allow":["GET"]}}],"collection":[{"href":"https:\/\/instituto-economia.uc3m.es\/en\/wp-json\/wp\/v2\/pages"}],"about":[{"href":"https:\/\/instituto-economia.uc3m.es\/en\/wp-json\/wp\/v2\/types\/page"}],"author":[{"embeddable":true,"href":"https:\/\/instituto-economia.uc3m.es\/en\/wp-json\/wp\/v2\/users\/1"}],"replies":[{"embeddable":true,"href":"https:\/\/instituto-economia.uc3m.es\/en\/wp-json\/wp\/v2\/comments?post=412"}],"version-history":[{"count":0,"href":"https:\/\/instituto-economia.uc3m.es\/en\/wp-json\/wp\/v2\/pages\/412\/revisions"}],"wp:attachment":[{"href":"https:\/\/instituto-economia.uc3m.es\/en\/wp-json\/wp\/v2\/media?parent=412"}],"curies":[{"name":"wp","href":"https:\/\/api.w.org\/{rel}","templated":true}]}}