{"id":10,"date":"2018-10-15T14:27:11","date_gmt":"2018-10-15T14:27:11","guid":{"rendered":"http:\/\/localhost\/?page_id=10"},"modified":"2026-05-01T21:27:50","modified_gmt":"2026-05-01T21:27:50","slug":"organizacion","status":"publish","type":"page","link":"https:\/\/instituto-economia.uc3m.es\/en\/organizacion\/","title":{"rendered":"Organization"},"content":{"rendered":"<h2 class=\"wp-block-heading\">Equipo Directivo<\/h2>\n\n\n\n<ul class=\"wp-block-list\">\n<li><span style=\"font-weight: 400;\">Director: <a href=\"http:\/\/economia.uc3m.es\/personal\/francisco-marhuenda-hurtado\/\" target=\"_blank\" rel=\"noopener\">Francisco Marhuenda-Hurtado<\/a><\/span><\/li>\n\n\n\n<li><span style=\"font-weight: 400;\">Secretario: <\/span><a href=\"http:\/\/economia.uc3m.es\/personal\/jose-luis-ferreira-garcia\/\" target=\"_blank\" rel=\"noopener\">Jos\u00e9 Luis Ferreira<\/a><\/li>\n\n\n\n<li><span style=\"font-weight: 400;\">Director del Programa de Doctorado en Econom\u00eda: <a href=\"http:\/\/economia.uc3m.es\/personal\/juan-carlos-escanciano\/\" target=\"_blank\" rel=\"noopener\">Juan Carlos Escanciano<\/a><\/span><\/li>\n\n\n\n<li><span style=\"font-weight: 400;\">Director del M\u00e1ster en An\u00e1lisis Econ\u00f3mico: <a href=\"http:\/\/economia.uc3m.es\/personal\/antoine-loeper\/\" target=\"_blank\" rel=\"noopener\">Antoine Loeper<\/a><\/span><\/li>\n\n\n\n<li><span style=\"font-weight: 400;\">Director del M\u00e1ster in Economics: <a href=\"https:\/\/economia.uc3m.es\/personal\/felix-wellschmied\/\" target=\"_blank\" rel=\"noopener\">Felix Wellschmied<\/a><\/span><\/li>\n\n\n\n<li><span style=\"font-weight: 400;\"><span style=\"font-weight: 400;\">Director del M\u00e1ster in Industrial Economics and Markets: <a href=\"https:\/\/economia.uc3m.es\/personal\/angel-hernando-veciana\/\" target=\"_blank\" rel=\"noopener\">\u00c1ngel Hernando<\/a><\/span><\/span><\/li>\n\n\n\n<li><span style=\"font-weight: 400;\">Directora del M\u00e1ster en Evaluaci\u00f3n Sanitaria: <\/span><a href=\"http:\/\/economia.uc3m.es\/personal\/matilde-p-machado\/\" target=\"_blank\" rel=\"noopener\">Matilde Machado<\/a><\/li>\n<\/ul>\n\n\n\n<h2 class=\"wp-block-heading\">Equipo de Gesti\u00f3n<\/h2>\n\n\n\n<p><b>Mercedes Palacios<br>\n<\/b>Tel\u00e9fono: (+34) 91 624 92 87<br>\nE-mail:&nbsp;<a href=\"mailto:mpalacio@pa.uc3m.es\" target=\"_blank\" rel=\"noopener\">mpalacio@pa.uc3m.es<\/a><\/p>\n\n\n\n<p><b>Estrella Soria<br>\n<\/b>Tel\u00e9fono: (+34) 91 624 97 55<br>\nE-mail:&nbsp;<a href=\"mailto:msoria@pa.uc3m.es\" target=\"_blank\" rel=\"noopener\">msoria@pa.uc3m.es<\/a><\/p>\n\n\n\n<p><span style=\"font-weight: 400;\"><b>Tamara D\u00edez<br><\/b>Tel\u00e9fono: (+34) 91 624 58 96<br>E-mail: <a href=\"mailto:msoria@pa.uc3m.es\" target=\"_blank\" rel=\"noopener\">madiezr@pa.uc3m.es<\/a><\/span><\/p>","protected":false},"excerpt":{"rendered":"<p>Equipo Directivo Equipo de Gesti\u00f3n Mercedes Palacios Tel\u00e9fono: (+34) 91 624 92 87 E-mail:&nbsp;mpalacio@pa.uc3m.es Estrella Soria Tel\u00e9fono: (+34) 91 624 97 55 E-mail:&nbsp;msoria@pa.uc3m.es Tamara D\u00edezTel\u00e9fono: (+34) 91 624 58 96E-mail: madiezr@pa.uc3m.es<\/p>","protected":false},"author":1,"featured_media":0,"parent":0,"menu_order":0,"comment_status":"closed","ping_status":"closed","template":"","meta":{"footnotes":""},"class_list":["post-10","page","type-page","status-publish","hentry"],"_links":{"self":[{"href":"https:\/\/instituto-economia.uc3m.es\/en\/wp-json\/wp\/v2\/pages\/10","targetHints":{"allow":["GET"]}}],"collection":[{"href":"https:\/\/instituto-economia.uc3m.es\/en\/wp-json\/wp\/v2\/pages"}],"about":[{"href":"https:\/\/instituto-economia.uc3m.es\/en\/wp-json\/wp\/v2\/types\/page"}],"author":[{"embeddable":true,"href":"https:\/\/instituto-economia.uc3m.es\/en\/wp-json\/wp\/v2\/users\/1"}],"replies":[{"embeddable":true,"href":"https:\/\/instituto-economia.uc3m.es\/en\/wp-json\/wp\/v2\/comments?post=10"}],"version-history":[{"count":4,"href":"https:\/\/instituto-economia.uc3m.es\/en\/wp-json\/wp\/v2\/pages\/10\/revisions"}],"predecessor-version":[{"id":677,"href":"https:\/\/instituto-economia.uc3m.es\/en\/wp-json\/wp\/v2\/pages\/10\/revisions\/677"}],"wp:attachment":[{"href":"https:\/\/instituto-economia.uc3m.es\/en\/wp-json\/wp\/v2\/media?parent=10"}],"curies":[{"name":"wp","href":"https:\/\/api.w.org\/{rel}","templated":true}]}}